{"id":1100,"date":"2009-05-01T21:52:01","date_gmt":"2009-05-02T00:52:01","guid":{"rendered":"http:\/\/www.schwartzman.org.br\/sitesimon\/?page_id=1100"},"modified":"2025-02-20T04:48:09","modified_gmt":"2025-02-20T07:48:09","slug":"videos-2","status":"publish","type":"page","link":"https:\/\/www.schwartzman.org.br\/sitesimon\/videos-2\/","title":{"rendered":"Videos"},"content":{"rendered":"<p>2018 &#8211;<a href=\"https:\/\/archive.org\/details\/SimonSchwartzmanPainel2PontosCriticosDesafiosEProp\">\u00a0Pontos Cr\u00edticos, Desafios e Propostas para a USP.\u00a0Coment\u00e1rio ao documento<\/a> &#8220;A USP e os Desafios do S\u00e9culo XXI&#8221;, preparado pelo Instituto de Estudos Avan\u00e7ados da USP sob a coordena\u00e7\u00e3o d Luis Bevil\u00e1qua. S\u00e3o Paulo, IEA, Setembro de 2018.<\/p>\n<hr \/>\n<p><img loading=\"lazy\" decoding=\"async\" class=\"alignleft size-full wp-image-5625\" src=\"https:\/\/www.schwartzman.org.br\/sitesimon\/wp-content\/uploads\/2009\/05\/Palestra-com-Simon-Schwartzman-Ensino-M\u00e9dio-e-Ensino-T\u00e9cnico_004794-1.jpg\" alt=\"palestra-com-simon-schwartzman-ensino-medio-e-ensino-tecnico_004794\" width=\"160\" height=\"110\" \/><\/p>\n<p>&nbsp;<\/p>\n<p>&nbsp;<\/p>\n<p>&nbsp;<\/p>\n<p>2016 &#8211;\u00a0<a href=\"https:\/\/archive.org\/details\/PalestraComSimonSchwartzmanEnsinoMedioEEnsinoTecnico\">Palestra sobre Ensino M\u00e9dio e T\u00e9cnico<\/a>\u00a0,Escola Brasileira de Economia e Finan\u00e7as, Funda\u00e7\u00e3o Get\u00falio Vargas, \u00a0 dia 11 de outubro.<\/p>\n<hr \/>\n<p><img loading=\"lazy\" decoding=\"async\" class=\" size-full wp-image-5245 alignleft\" src=\"https:\/\/www.schwartzman.org.br\/sitesimon\/wp-content\/uploads\/2009\/05\/Identidades-Latino-Americanas-A-Am\u00e9rica-Latina-dos-Soci\u00f3lo.gif\" alt=\"Identidades Latino-Americanas - A Am\u00e9rica Latina dos Soci\u00f3lo\" width=\"160\" height=\"110\" \/><\/p>\n<p>&nbsp;<\/p>\n<p>&nbsp;<\/p>\n<p>&nbsp;<\/p>\n<p>2015 &#8211;<a href=\"https:\/\/archive.org\/details\/IdentidadesLatinoAmericanasAAmericaLatinaDosSociolo\" target=\"_blank\" rel=\"noopener\">\u00a0Identidades Latino-Americanas &#8211; A Am\u00e9rica Latina dos Soci\u00f3logos <\/a>(Ciclo Tem\u00e1tico). Mesa redonda no Instituto de Estudos Avan\u00e7ados da Universidade de S\u00e3o Paulo.\u00a0Ciclo Identidades Latino-Americanas, coordenado por Bernardo Sorj. \u00a0Exposi\u00e7\u00e3o de Jos\u00e9 Maur\u00edcio Rodrigues, com coment\u00e1rios de Adrian Gurza Lavalle e Simon Schwartzman.<\/p>\n<hr \/>\n<p>&nbsp;<\/p>\n<p><a style=\"line-height: 1.5;\" href=\"https:\/\/www.schwartzman.org.br\/sitesimon\/wp-content\/uploads\/2009\/05\/Aumento-da-oferta-no-ensino-superior-Simon-Schwartzman-Entrevista-Canal-Futura.gif\"><img loading=\"lazy\" decoding=\"async\" class=\" size-full wp-image-5190 alignnone\" src=\"https:\/\/www.schwartzman.org.br\/sitesimon\/wp-content\/uploads\/2009\/05\/Aumento-da-oferta-no-ensino-superior-Simon-Schwartzman-Entrevista-Canal-Futura.gif\" alt=\"Aumento da oferta no ensino superior - Simon Schwartzman - Entrevista - Canal Futura\" width=\"160\" height=\"110\" \/><\/a><\/p>\n<p>2015 &#8211;\u00a0<a href=\"https:\/\/archive.org\/details\/AumentoDaOfertaNoEnsinoSuperiorSimonSchwartzmanEntrevistaCanalFutura\" target=\"_blank\" rel=\"noopener\">O aumento da oferta no ensino superior no Brasil\u00a0<\/a>&#8211; \u00a0 Entrevista a Antonio G\u00f3is, Canal Futura, na s\u00e9rie sobre as metas do Plano Nacional de Educa\u00e7\u00e3o (0:14:19)<\/p>\n<hr \/>\n<p><a href=\"https:\/\/www.schwartzman.org.br\/sitesimon\/wp-content\/uploads\/2009\/05\/Ensino-Superior_-A-educa\u00e7\u00e3o-superior-na-Am\u00e9rica-Latina.gif\"><img loading=\"lazy\" decoding=\"async\" class=\" size-full wp-image-5192 alignnone\" src=\"https:\/\/www.schwartzman.org.br\/sitesimon\/wp-content\/uploads\/2009\/05\/Ensino-Superior_-A-educa\u00e7\u00e3o-superior-na-Am\u00e9rica-Latina.gif\" alt=\"Ensino Superior_ A educa\u00e7\u00e3o superior na Am\u00e9rica Latina\" width=\"160\" height=\"110\" \/><\/a><\/p>\n<p>2015 &#8211; <a href=\"https:\/\/archive.org\/details\/EnsinoSuperiorAEducacaaoSuperiorNaAmemricaLatina\" target=\"_blank\" rel=\"noopener\">A Educa\u00e7\u00e3o Superior na Am\u00e9rica Latina e os desafios do S\u00e9culo XXI.<\/a>\u00a0 27.43. \u00a0Entrevista a\u00a0Ederson Granetto e Rodrigo Simon, com participa\u00e7\u00e3o de Maria Rita de Almeida Toledo, \u00e0 Universidade Virtual do Estado de S\u00e3o Paulo (Est\u00fadio UNIVESP), sobre o livro &#8220;A Educa\u00e7\u00e3o Superior na Am\u00e9rica Latina e os Desafios do S\u00e9culo XXI&#8221;, Editora Unicamp, 2015 (0:27:42)<\/p>\n<hr \/>\n<p><a href=\"https:\/\/www.schwartzman.org.br\/sitesimon\/wp-content\/uploads\/2009\/05\/Vamos-ao-Debate-com-Simon-Schwartzman.gif\"><img loading=\"lazy\" decoding=\"async\" class=\" size-full wp-image-5195 alignnone\" src=\"https:\/\/www.schwartzman.org.br\/sitesimon\/wp-content\/uploads\/2009\/05\/Vamos-ao-Debate-com-Simon-Schwartzman.gif\" alt=\"Vamos ao Debate com Simon Schwartzman\" width=\"160\" height=\"110\" \/><\/a><\/p>\n<p>2014 &#8211; Vamos ao Debate &#8211;\u00a0O Portal Vamos ao Debate (Funda\u00e7\u00e3o Astrogildo Pereira)\u00a0visitou Simon Schwartzman, soci\u00f3logo, pesquisador do IETS, para um bate-papo sobre as principais iniciativas a serem tomadas pelo pr\u00f3ximo governo, que contribuam efetivamente para melhorar o nosso pa\u00eds (0:7:03)<\/p>\n<hr \/>\n<p><a href=\"https:\/\/www.schwartzman.org.br\/sitesimon\/wp-content\/uploads\/2009\/05\/IPTV-USP-__-Brasil_-A-Nova-Agenda-Social.gif\"><img loading=\"lazy\" decoding=\"async\" class=\" size-full wp-image-5197 alignnone\" src=\"https:\/\/www.schwartzman.org.br\/sitesimon\/wp-content\/uploads\/2009\/05\/IPTV-USP-__-Brasil_-A-Nova-Agenda-Social.gif\" alt=\"IPTV USP __ Brasil_ A Nova Agenda Social\" width=\"160\" height=\"110\" \/><\/a><\/p>\n<p>2013 &#8211;<a href=\"https:\/\/archive.org\/details\/IPTVUSPBrasilANovaAgendaSocial\" target=\"_blank\" rel=\"noopener\"> Brasil, A Nova Agenda Social.<\/a> Instituto de Estudos Avan\u00e7ados.\u00a0\u00a0Simon Schwartzman, Edmar Bacha, Andr\u00e9 Portela Souza, Leandro Piquet Carneiro (1:28:00)<\/p>\n<hr \/>\n<p><a href=\"https:\/\/www.schwartzman.org.br\/sitesimon\/wp-content\/uploads\/2009\/05\/Desafios-do-Ensino-M\u00e9dio-por-Simon-Schwartzman-1.gif\"><img loading=\"lazy\" decoding=\"async\" class=\" size-full wp-image-5198 alignnone\" src=\"https:\/\/www.schwartzman.org.br\/sitesimon\/wp-content\/uploads\/2009\/05\/Desafios-do-Ensino-M\u00e9dio-por-Simon-Schwartzman-1.gif\" alt=\"Desafios do Ensino M\u00e9dio, por Simon Schwartzman (1)\" width=\"160\" height=\"110\" \/><\/a><\/p>\n<p>2013 &#8211; <a href=\"https:\/\/archive.org\/details\/DesafiosDoEnsinoMedioPorSimonSchwartzman1\" target=\"_blank\" rel=\"noopener\">Os Desafios do Ensino M\u00e9dio e o ENEM<\/a>, Instituto Alfa e Beto. (0:4:31)<\/p>\n<hr \/>\n<p><a href=\"https:\/\/www.schwartzman.org.br\/sitesimon\/wp-content\/uploads\/2009\/05\/Ensino-Superior_-Simon-Schwartzman-e-Pedro-Pablo-Rosso.-54.gif\"><img loading=\"lazy\" decoding=\"async\" class=\" size-full wp-image-5199 alignnone\" src=\"https:\/\/www.schwartzman.org.br\/sitesimon\/wp-content\/uploads\/2009\/05\/Ensino-Superior_-Simon-Schwartzman-e-Pedro-Pablo-Rosso.-54.gif\" alt=\"Ensino Superior_ Simon Schwartzman e Pedro Pablo Rosso. 54\" width=\"160\" height=\"110\" \/><\/a><\/p>\n<p>2012 &#8211; <a href=\"https:\/\/archive.org\/details\/EnsinoSuperiorSimonSchwartzmanEPedroPabloRosso.54\" target=\"_blank\" rel=\"noopener\">Ensino Superior \u00a0no Brasil e no Chile. \u00a0<\/a>Entrevista com Simon Schwartzman, IETS, e Pedro Pablo Rosso, ex-reitor da\u00a0Pontif\u00edcia Universidade Cat\u00f3lica do Chile, \u00a0Primeira Escola Zeferino Vaz de Ensino Superior, Unicamp\u00a0&#8211;\u00a0Universidade Virtual do Estado de S\u00e3o Paulo (UNIVESPTV).<\/p>\n<hr \/>\n<p><a href=\"https:\/\/www.schwartzman.org.br\/sitesimon\/wp-content\/uploads\/2009\/05\/Simon-Schwartzman-Pesquisador-do-Instituto-de-Estudos-do-IETS.gif\"><img loading=\"lazy\" decoding=\"async\" class=\" size-full wp-image-5202 alignnone\" src=\"https:\/\/www.schwartzman.org.br\/sitesimon\/wp-content\/uploads\/2009\/05\/Simon-Schwartzman-Pesquisador-do-Instituto-de-Estudos-do-IETS.gif\" alt=\"Simon Schwartzman - Pesquisador do Instituto de Estudos do IETS\" width=\"160\" height=\"110\" \/><\/a><\/p>\n<p>2012 &#8211; <a href=\"https:\/\/archive.org\/details\/SimonSchwartzmanPesquisadorDoInstitutoDeEstudosDoIETS\" target=\"_blank\" rel=\"noopener\">Forma\u00e7\u00e3o de Professores e Curr\u00edculo Estruturado<\/a>, Instituto Abramundo (2.48)<\/p>\n<hr \/>\n<p><a href=\"https:\/\/www.schwartzman.org.br\/sitesimon\/wp-content\/uploads\/2009\/05\/globonews.tiff\"><img loading=\"lazy\" decoding=\"async\" class=\"alignright size-large wp-image-5203\" src=\"https:\/\/www.schwartzman.org.br\/sitesimon\/wp-content\/uploads\/2009\/05\/globonews.tiff\" alt=\"globonews\" width=\"1\" height=\"1\" \/><\/a> <a href=\"https:\/\/www.schwartzman.org.br\/sitesimon\/wp-content\/uploads\/2009\/05\/globonews.jpg\"><img loading=\"lazy\" decoding=\"async\" class=\"alignleft wp-image-5204\" src=\"https:\/\/www.schwartzman.org.br\/sitesimon\/wp-content\/uploads\/2009\/05\/globonews.jpg\" alt=\"globonews\" width=\"165\" height=\"121\" srcset=\"https:\/\/www.schwartzman.org.br\/sitesimon\/wp-content\/uploads\/2009\/05\/globonews.jpg 478w, https:\/\/www.schwartzman.org.br\/sitesimon\/wp-content\/uploads\/2009\/05\/globonews-300x220.jpg 300w\" sizes=\"auto, (max-width: 165px) 85vw, 165px\" \/><\/a><\/p>\n<p>&nbsp;<\/p>\n<p>&nbsp;<\/p>\n<p>&nbsp;<\/p>\n<p>&nbsp;<\/p>\n<p>2011 &#8211; GloboNews &#8211; Simon Schwartzman critica o ensino m\u00e9dio brasileiro.\u00a0(10:24)<\/p>\n<hr \/>\n<p><a href=\"https:\/\/www.schwartzman.org.br\/sitesimon\/wp-content\/uploads\/2009\/05\/sus.gif\"><img loading=\"lazy\" decoding=\"async\" class=\"alignleft size-full wp-image-5205\" src=\"https:\/\/www.schwartzman.org.br\/sitesimon\/wp-content\/uploads\/2009\/05\/sus.gif\" alt=\"sus\" width=\"160\" height=\"110\" \/><\/a><\/p>\n<p>&nbsp;<\/p>\n<p>&nbsp;<\/p>\n<p>&nbsp;<\/p>\n<p>2011 &#8211; <a href=\"https:\/\/archive.org\/details\/SimonSchwartzmanOSusNaoTemCondiccoesDeAtenderATodos\" target=\"_blank\" rel=\"noopener\">O SUS\u00a0n\u00e3o tem condi\u00e7\u00f5es de atender a todos.<\/a>\u00a0Observador Pol\u00edtico (o:3:04)<\/p>\n<hr \/>\n<p><a href=\"https:\/\/www.schwartzman.org.br\/sitesimon\/wp-content\/uploads\/2009\/05\/2010LeffBehindColumbia.gif\"><img loading=\"lazy\" decoding=\"async\" class=\"alignleft size-full wp-image-5207\" src=\"https:\/\/www.schwartzman.org.br\/sitesimon\/wp-content\/uploads\/2009\/05\/2010LeffBehindColumbia.gif\" alt=\"2010LeffBehindColumbia\" width=\"160\" height=\"110\" \/><\/a><\/p>\n<p>&nbsp;<\/p>\n<p>&nbsp;<\/p>\n<p>&nbsp;<\/p>\n<p>2009 &#8211; <a href=\"https:\/\/archive.org\/details\/TheLeftBehindInBrazilianEducation_981\" target=\"_blank\" rel=\"noopener\">The Left Behind in Brazilian Education.\u00a0<\/a>Presentation to the Teachers College, Columbia University, September 2009. (1:17.50).<\/p>\n<hr \/>\n<p>&nbsp;<\/p>\n<p><a href=\"https:\/\/www.schwartzman.org.br\/sitesimon\/wp-content\/uploads\/2009\/05\/milenium.gif\"><img loading=\"lazy\" decoding=\"async\" class=\"alignleft size-full wp-image-5208\" src=\"https:\/\/www.schwartzman.org.br\/sitesimon\/wp-content\/uploads\/2009\/05\/milenium.gif\" alt=\"milenium\" width=\"160\" height=\"110\" \/><\/a><\/p>\n<p>&nbsp;<\/p>\n<p>&nbsp;<\/p>\n<p>&nbsp;<\/p>\n<p>2009 &#8211; <a href=\"https:\/\/archive.org\/details\/UmDesafioDoTamanhoDoBrasil\" target=\"_blank\" rel=\"noopener\">Educa\u00e7\u00e3o: um desafio do tamanho do Brasil<\/a>, entrevista ao Instituto Millenium.<\/p>\n<hr \/>\n<p>&nbsp;<\/p>\n<p><img loading=\"lazy\" decoding=\"async\" class=\" size-full wp-image-5187 alignnone\" src=\"https:\/\/www.schwartzman.org.br\/sitesimon\/wp-content\/uploads\/2009\/05\/Merged-Video.gif\" alt=\"Merged Video\" width=\"160\" height=\"110\" \/><\/p>\n<p>2008\u00a0&#8211; O Futuro da Educa\u00e7\u00e3o no Brasil e o Papel do Professor. Palestra no Sindicato de Professores de S\u00e3o Paulo (SINPRO) fevereiro de 2008.<\/p>\n<p style=\"padding-left: 60px;\"><a href=\"https:\/\/archive.org\/details\/MergedVideo\" target=\"_blank\" rel=\"noopener\">Introdu\u00e7\u00e3o e s\u00edntese<\/a><\/p>\n<p style=\"padding-left: 60px;\"><a href=\"https:\/\/archive.org\/details\/01AEducacaaoEOPapelDoProfessor13\" target=\"_blank\" rel=\"noopener\">Parte 1: situa\u00e7\u00e3o atual da educa\u00e7\u00e3o brasileira (0:29:23<\/a>)<\/p>\n<p style=\"padding-left: 60px;\"><a href=\"https:\/\/archive.org\/details\/02AEducacaaoEOPapelDoProfessor23\" target=\"_blank\" rel=\"noopener\">Parte 2<\/a>\u00a0: perspectivas para o futuro (0:31.10).<\/p>\n<p style=\"padding-left: 60px;\"><a href=\"https:\/\/archive.org\/details\/03AEducacaaoEOPapelDoProfessor33\" target=\"_blank\" rel=\"noopener\">Parte 3<\/a>: perguntas e respostas\u00a0\u00a0(0:29:19).<\/p>\n<hr \/>\n<p style=\"padding-left: 60px;\"><a href=\"https:\/\/www.schwartzman.org.br\/sitesimon\/wp-content\/uploads\/2009\/05\/rodaviva.gif\"><img loading=\"lazy\" decoding=\"async\" class=\"alignleft size-full wp-image-5209\" src=\"https:\/\/www.schwartzman.org.br\/sitesimon\/wp-content\/uploads\/2009\/05\/rodaviva.gif\" alt=\"rodaviva\" width=\"160\" height=\"110\" \/><\/a><\/p>\n<p>&nbsp;<\/p>\n<p>&nbsp;<\/p>\n<p>&nbsp;<\/p>\n<p>&nbsp;<\/p>\n<p>1995 &#8211;\u00a0<a href=\"https:\/\/archive.org\/details\/SimonNoRodaViva\" target=\"_blank\" rel=\"noopener\">Entrevista no Roda Viva, TV Cultura. Tema: IBGE e as Estat\u00edsticas Brasileiras<\/a>. \u00a01:27.40. Programa mediado por Florestan Fernandes Filho, com a participa\u00e7\u00e3o de Denise Campos de Toledo, Fabricio Marques, Marcia Raposo, Oscar Pilagallo,, Rold\u00e3o Arruda, Sandra Carvalho, T\u00e3o Gomes Pinto, Waldir Sanches (1:27.40)<\/p>\n<hr \/>\n<p>&nbsp;<\/p>\n<p><!-- START Vimeo Badge ... info at http:\/\/vimeo.com\/widget --><\/p>\n<div class=\"vimeoBadge\"><script src=\"http:\/\/vimeo.com\/user181320\/badgeo\/?stream=album&amp;stream_id=88204&amp;count=9&amp;thumbnail_width=100&amp;show_titles=yes\" type=\"text\/javascript\"><\/script><\/div>\n<p><!--END Vimeo Badge--><\/p>\n<!-- AddThis Advanced Settings generic via filter on the_content --><!-- AddThis Share Buttons generic via filter on the_content -->","protected":false},"excerpt":{"rendered":"<p>2018 &#8211;\u00a0Pontos Cr\u00edticos, Desafios e Propostas para a USP.\u00a0Coment\u00e1rio ao documento &#8220;A USP e os Desafios do S\u00e9culo XXI&#8221;, preparado pelo Instituto de Estudos Avan\u00e7ados da USP sob a coordena\u00e7\u00e3o d Luis Bevil\u00e1qua. S\u00e3o Paulo, IEA, Setembro de 2018. &nbsp; &nbsp; &nbsp; 2016 &#8211;\u00a0Palestra sobre Ensino M\u00e9dio e T\u00e9cnico\u00a0,Escola Brasileira de Economia e Finan\u00e7as, Funda\u00e7\u00e3o &hellip; <a href=\"https:\/\/www.schwartzman.org.br\/sitesimon\/videos-2\/\" class=\"more-link\">Continue reading<span class=\"screen-reader-text\"> &#8220;Videos&#8221;<\/span><\/a><!-- AddThis Advanced Settings generic via filter on get_the_excerpt --><!-- AddThis Share Buttons generic via filter on get_the_excerpt --><\/p>\n","protected":false},"author":1,"featured_media":0,"parent":0,"menu_order":0,"comment_status":"closed","ping_status":"closed","template":"","meta":{"_crdt_document":"","footnotes":""},"class_list":["post-1100","page","type-page","status-publish","hentry"],"_links":{"self":[{"href":"https:\/\/www.schwartzman.org.br\/sitesimon\/wp-json\/wp\/v2\/pages\/1100","targetHints":{"allow":["GET"]}}],"collection":[{"href":"https:\/\/www.schwartzman.org.br\/sitesimon\/wp-json\/wp\/v2\/pages"}],"about":[{"href":"https:\/\/www.schwartzman.org.br\/sitesimon\/wp-json\/wp\/v2\/types\/page"}],"author":[{"embeddable":true,"href":"https:\/\/www.schwartzman.org.br\/sitesimon\/wp-json\/wp\/v2\/users\/1"}],"replies":[{"embeddable":true,"href":"https:\/\/www.schwartzman.org.br\/sitesimon\/wp-json\/wp\/v2\/comments?post=1100"}],"version-history":[{"count":5,"href":"https:\/\/www.schwartzman.org.br\/sitesimon\/wp-json\/wp\/v2\/pages\/1100\/revisions"}],"predecessor-version":[{"id":7561,"href":"https:\/\/www.schwartzman.org.br\/sitesimon\/wp-json\/wp\/v2\/pages\/1100\/revisions\/7561"}],"wp:attachment":[{"href":"https:\/\/www.schwartzman.org.br\/sitesimon\/wp-json\/wp\/v2\/media?parent=1100"}],"curies":[{"name":"wp","href":"https:\/\/api.w.org\/{rel}","templated":true}]}}