{"id":3474,"date":"2012-06-29T07:40:16","date_gmt":"2012-06-29T10:40:16","guid":{"rendered":"http:\/\/www.schwartzman.org.br\/sitesimon\/?page_id=3474"},"modified":"2014-04-18T20:13:06","modified_gmt":"2014-04-18T23:13:06","slug":"projeto-sobre-a-trajetoria-profissional-dos-alunos-da-usp-nupes-usp-1990-1994","status":"publish","type":"page","link":"https:\/\/www.schwartzman.org.br\/sitesimon\/projetos\/projeto-sobre-a-trajetoria-profissional-dos-alunos-da-usp-nupes-usp-1990-1994\/","title":{"rendered":"Projeto sobre a Trajet\u00f3ria Profissional dos Alunos da USP, NUPES \/USP (1990-1994)"},"content":{"rendered":"<p>1995 &#8211; <a href=\"http:\/\/archive.org\/details\/OsEstudantesDeCienciasSociais\" target=\"_blank\">Os Estudantes de Ci\u00eancias Sociais<\/a>, in Elina G. da Fonte Pessanha and Gl\u00e1ucia Vilas Boas, Ci\u00eancias Sociais &#8211; Ensino e Pesquisa na Gradua\u00e7\u00e3o, Rio de Janeiro, J. C. Editora, 55-82. Publicado em originalmente como &#8220;Os Estudantes de Ci\u00eancias Sociais, NUPES \/USP, Projeto sobre a Trajet\u00f3ria Profissional dos Alunos da USP, documento AP5\/92, 21 pp, 1992.<\/p>\n<p>1992 &#8211; <a href=\"http:\/\/www.schwartzman.org.br\/simon\/pdf\/carusp.pdf\" target=\"_blank\">Carreiras Universit\u00e1rias na USP<\/a> (com a colabora\u00e7\u00e3o de Maria Helena Magalh\u00e3es Castro). Relat\u00f3rio de pesquisa realizada no N\u00facleo de Pesquisas sobre o Ensino Superior da Universidade de S\u00e3o Paulo, com apoio da Funda\u00e7\u00e3o de Amparo \u00e0 Pesquisa de S\u00e3o Paulo.<\/p>\n<p>1992 &#8211; &#8220;<a href=\"http:\/\/www.schwartzman.org.br\/simon\/pdf\/1992%20j_usp_c_sociais.pdf\" target=\"_blank\">O aluno de ci\u00eancias sociais n\u00e3o \u00e9 mais aquele<\/a>&#8220;, mat\u00e9ria de Marcos Gomes no Jornal da USP, 1 a 7 de junho.<\/p>\n<p>1992 &#8211; A Constru\u00e7\u00e3o das Amostras (com Maria Helena de M. Castro), NUPES \/USP, Projeto sobre a Trajet\u00f3ria Profissional dos Alunos da USP, documento AP6\/92, 12 pp.<\/p>\n<p>1992 &#8211; Posi\u00e7\u00e3o Social da Fam\u00edlia e Experi\u00eancia Universit\u00e1ria, NUPES \/USP, Projeto sobre a Trajet\u00f3ria Profissional dos Alunos da USP, documento AP3\/92, 12 pp.<\/p>\n<p>1992 &#8211; O Momento da Formatura, (com Maria Helena de M. Castro), NUPES \/USP, Projeto sobre a Trajet\u00f3ria Profissional dos Alunos da USP, documento AP2\/92, 15 pp.<\/p>\n<p>1991 &#8211; Uma Universidade, V\u00e1rias Trajet\u00f3rias, NUPES \/USP, Projeto sobre a Trajet\u00f3ria Profissional dos Alunos da USP, documento AP1\/91, 11 pp.<\/p>\n<p>1991 <a href=\"http:\/\/archive.org\/details\/ATrajetriaProfissionalDosAlunosDaUsp\" target=\"_blank\">&#8211; A Trajet\u00f3ria Profissional dos Alunos da USP &#8211;<\/a> Projeto de Pesquisa (com Maria Helena Magalh\u00e3es Castro), NUPES\/USP, Documento de Trabalho 2\/91, 19 pp.<\/p>\n<!-- AddThis Advanced Settings generic via filter on the_content --><!-- AddThis Share Buttons generic via filter on the_content -->","protected":false},"excerpt":{"rendered":"<p>1995 &#8211; Os Estudantes de Ci\u00eancias Sociais, in Elina G. da Fonte Pessanha and Gl\u00e1ucia Vilas Boas, Ci\u00eancias Sociais &#8211; Ensino e Pesquisa na Gradua\u00e7\u00e3o, Rio de Janeiro, J. C. Editora, 55-82. Publicado em originalmente como &#8220;Os Estudantes de Ci\u00eancias Sociais, NUPES \/USP, Projeto sobre a Trajet\u00f3ria Profissional dos Alunos da USP, documento AP5\/92, 21 &hellip; <a href=\"https:\/\/www.schwartzman.org.br\/sitesimon\/projetos\/projeto-sobre-a-trajetoria-profissional-dos-alunos-da-usp-nupes-usp-1990-1994\/\" class=\"more-link\">Continue reading<span class=\"screen-reader-text\"> &#8220;Projeto sobre a Trajet\u00f3ria Profissional dos Alunos da USP, NUPES \/USP (1990-1994)&#8221;<\/span><\/a><!-- AddThis Advanced Settings generic via filter on get_the_excerpt --><!-- AddThis Share Buttons generic via filter on get_the_excerpt --><\/p>\n","protected":false},"author":1,"featured_media":0,"parent":592,"menu_order":0,"comment_status":"closed","ping_status":"open","template":"","meta":{"_crdt_document":"","footnotes":""},"class_list":["post-3474","page","type-page","status-publish","hentry"],"_links":{"self":[{"href":"https:\/\/www.schwartzman.org.br\/sitesimon\/wp-json\/wp\/v2\/pages\/3474","targetHints":{"allow":["GET"]}}],"collection":[{"href":"https:\/\/www.schwartzman.org.br\/sitesimon\/wp-json\/wp\/v2\/pages"}],"about":[{"href":"https:\/\/www.schwartzman.org.br\/sitesimon\/wp-json\/wp\/v2\/types\/page"}],"author":[{"embeddable":true,"href":"https:\/\/www.schwartzman.org.br\/sitesimon\/wp-json\/wp\/v2\/users\/1"}],"replies":[{"embeddable":true,"href":"https:\/\/www.schwartzman.org.br\/sitesimon\/wp-json\/wp\/v2\/comments?post=3474"}],"version-history":[{"count":2,"href":"https:\/\/www.schwartzman.org.br\/sitesimon\/wp-json\/wp\/v2\/pages\/3474\/revisions"}],"predecessor-version":[{"id":4824,"href":"https:\/\/www.schwartzman.org.br\/sitesimon\/wp-json\/wp\/v2\/pages\/3474\/revisions\/4824"}],"up":[{"embeddable":true,"href":"https:\/\/www.schwartzman.org.br\/sitesimon\/wp-json\/wp\/v2\/pages\/592"}],"wp:attachment":[{"href":"https:\/\/www.schwartzman.org.br\/sitesimon\/wp-json\/wp\/v2\/media?parent=3474"}],"curies":[{"name":"wp","href":"https:\/\/api.w.org\/{rel}","templated":true}]}}