{"id":584,"date":"2008-08-10T12:22:02","date_gmt":"2008-08-10T15:22:02","guid":{"rendered":"http:\/\/www.schwartzman.org.br\/sitesimon\/?page_id=584"},"modified":"2014-05-07T21:06:17","modified_gmt":"2014-05-08T00:06:17","slug":"resenhas","status":"publish","type":"page","link":"https:\/\/www.schwartzman.org.br\/sitesimon\/resenhas\/","title":{"rendered":"Resenhas|Reviews"},"content":{"rendered":"<p>COMENT\u00c1RIOS DE LIVROS E AUTORES<br \/>\n(<em>Book reviews and comments<\/em>)<\/p>\n<p>Adler, Emanuel,\u00a0The power of ideology &#8211; the quest for technological autonomy in Argentina and Brazil, 1986. In <a href=\"http:\/\/archive.org\/details\/ThePowerOfTechnology\" target=\"_blank\">The Power of Technology<\/a>,\u00a0Review essay, Latin American Research Review, 24, 1, 1988.<\/p>\n<p>Albornoz, Orlando\u00a0Ideolog\u00eda y Pol\u00edtica en la Universidad Latinoamericana. Caracas, Venezuela: Instituto Societas, 1972. in:\u00a0<a href=\"http:\/\/archive.org\/details\/PoliticsAndAcademiaInLatinAmericanUniversities1983\" target=\"_blank\">Politics and Academia in Latin American Universities<\/a>,\u00a0Review Essay, Journal of Interamerican Studies and World Affairs, 25, 3, 1983, pp. 416-421<\/p>\n<p>Badar\u00f3, Murilo,<a href=\"http:\/\/archive.org\/details\/CemAnosDeGustavoCapanema\">\u00a0Gustavo Capanema &#8211; A Revolu\u00e7\u00e3o na Cultura<\/a>, Rio, 1997 &#8211; Publicado no Jornal do Brasil, Caderno de Id\u00e9ias, 5 de agosto., 2000.<\/p>\n<p>Black, Jan Knippers\u00a0United States Penetration of Brazil, The University of Pennsylvania Press, 1977. In \u00a0&#8220;<a href=\"http:\/\/archive.org\/details\/TheMiracleAndItsCosts\" target=\"_blank\">The Miracle and Its Costs&#8221;<\/a> (review essay),\u00a0Latin American Research Review, Vol. 15, No. 2 (1980), pp. 269-272.<\/p>\n<p>Ben-David, Joseph &#8211;\u00a0<a href=\"http:\/\/archive.org\/details\/JosenBen0dave\">Universidade e Ci\u00eancia Observadas por Ben-David<\/a> (introdu\u00e7\u00e3o ao texto de Joseph Ben-David), Ci\u00eancia Hoje 7, 37, novembro, p. 68, 1987.<\/p>\n<p>Bendix, Reinhardt.\u00a0<a href=\"http:\/\/archive.org\/details\/IdeologasEmpresarialesEnLosPasesSocialistas\" target=\"_blank\">Work and Authority in Industry<\/a>, J. Wiley &amp; Sons, N.Y.,1956<\/p>\n<p>Boeninger Kausel, Edgardo and others,\u00a0Desarrollo Cient\u00edfico-Tecnol\u00f3gico y Universidad. Santiago, Chile: Corporaci\u00f3n de Promoci\u00f3n Universitaria, 1973.\u00a0\u00a0\u00a0\u00a0In:\u00a0<a href=\"http:\/\/archive.org\/details\/PoliticsAndAcademiaInLatinAmericanUniversities1983\" target=\"_blank\">Politics and Academia in Latin American Universities<\/a>,\u00a0Review Essay, Journal of Interamerican Studies and World Affairs, 25, 3, 1983, pp. 416-421<\/p>\n<p>Bomeny, Helena, 1991,<a href=\"http:\/\/archive.org\/details\/AMineiridadeDeHelena\" target=\"_blank\">\u00a0Mineiridade dos Modernistas: A Rep\u00fablica dos Mineiros.<\/a> Coment\u00e1rio a tese de doutorado, IUPERJ.<\/p>\n<p>Brandi, Paulo,<a href=\"http:\/\/archive.org\/details\/GetulioDaHistoriaParaAVida\" target=\"_blank\"> Vargas: da Vida para a Hist\u00f3ria<\/a>, Rio de Janeiro, Zahar Editores, 1983; Jornal do Brasil, 16 de mar\u00e7o, 1983.<\/p>\n<p>Brunner, Jos\u00e9 Joaquin,P<a href=\"http:\/\/archive.org\/details\/PrologoAJoseJoaquinBrunner\" target=\"_blank\">r\u00f3logo a \u00a0Educaci\u00f3n Superior en Chile: Instituciones, Mercados y Pol\u00edticas Gubernamentales<\/a> (1967-2007), Universidad Diego Portales<\/p>\n<p>Bunge, Mario &#8211;\u00a0<a href=\"http:\/\/archive.org\/details\/BetweenArchimedesAndMunschausen\" target=\"_blank\">Entre Arquimedes e M\u00fcnschausen<\/a>, (comments to an article by Mario Bunge published in Interciencia, 16, 2, 1991). Interciencia 16 (5), 269.<\/p>\n<p>Campos Coelho, Edmundo &#8211;\u00a0<a href=\"http:\/\/archive.org\/details\/EdmundoCamposCoelhoSocilogoRadical\" target=\"_blank\">Edmundo Campos Coelho, Soci\u00f3logo Radical<\/a>, 2001 (n\u00e3o publicado).<\/p>\n<p>Capanema, Gustavo &#8211;\u00a0<a href=\"http:\/\/archive.org\/details\/GustavoCapanemaEAEducacaoBrasileira\" target=\"_blank\">Gustavo Capanema e a Educa\u00e7\u00e3o Brasileira<\/a>, Texto preparado para o Semin\u00e1rio Gustavo Capanema: Pol\u00edtica, Educa\u00e7\u00e3o e Cultura, organizado pela Secretaria de Estado da Cultura de Minas Gerais, com o apoio do Minist\u00e9rio da Educa\u00e7\u00e3o e do Departamento de Hist\u00f3ria da Universidade Federal de Minas Gerais, Belo Horizonte, 7 e 8 de agosto, 2000; e \u00a0<a href=\"http:\/\/archive.org\/details\/OIntelectualEOPoder\" target=\"_blank\">O Intelectual e o Poder: A Carreira Pol\u00edtica de Gustavo Capanema<\/a>, in Centro de Pesquisas e Documenta\u00e7\u00e3o em Hist\u00f3ria Contempor\u00e2nea do Brasil (CPDOC), ed., A Revolu\u00e7\u00e3o de 30. Bras\u00edlia, Editora da Universidade de Bras\u00edlia, 1983.<\/p>\n<p>Cardoso, Fernando Henrique and F\u00e1bio Wanderley Reis &#8211;\u00a0<a href=\"http:\/\/archive.org\/details\/AsEleiesEOProblemaInstitucional1977\" target=\"_blank\">As Elei\u00e7\u00f5es e o Problema Institucional<\/a>, Dados &#8211; Revista de Ci\u00eancias Sociais, 14, 1977, Rio de Janeiro, 164-210 (debate)<\/p>\n<p>Chambi, Martin &#8211;\u00a0<a href=\"http:\/\/archive.org\/details\/MartinChambi\" target=\"_blank\">Martin Chambi<\/a>, Apresenta\u00e7\u00e3o do Calend\u00e1rio Burti 2001, fotos de Martin Chambi, 2000<\/p>\n<p>Cortez, Mariluz and Peter Bocock,\u00a0North-south technology transfer: a case study of petrochemicals in Latin America. (Baltimore and London: The Johns Hopkins University Press, 1984. In\u00a0<a href=\"http:\/\/archive.org\/details\/ThePowerOfTechnology\" target=\"_blank\">The Power of Technology<\/a>,\u00a0Review essay, Latin American Research Review, 24, 1, 1988.<\/p>\n<p>Cunha, Luis Ant\u00f4nio,\u00a0<a href=\"http:\/\/www.schwartzman.org.br\/simon\/polacad.htm\" target=\"main\">A <\/a>Universidade Tempor\u00e3, Rio de Janeiro, Editora Civiliza\u00e7\u00e3o Brasileira S.A., 1980.\u00a0\u00a0in:\u00a0<a href=\"http:\/\/archive.org\/details\/PoliticsAndAcademiaInLatinAmericanUniversities1983\" target=\"_blank\">Politics and Academia in Latin American Universities<\/a>,\u00a0Review Essay, Journal of Interamerican Studies and World Affairs, 25, 3, 1983, pp. 416-421<\/p>\n<p>DaMatta, Roberto, Carnavais, Malandros e Her\u00f3is. O Estado de S\u00e3o Paulo, 14 de setembro, 1979. (<a href=\"http:\/\/archive.org\/details\/OTempporarioEOPermanente\" target=\"_blank\">O tempor\u00e1rio e o permanente)<\/a><\/p>\n<p>Davis, Shelton, H.\u00a0Victims of the Miracle: Development and the Indians of Brazil, Cambridge University Press, 1977.\u00a0In \u00a0&#8220;<a href=\"http:\/\/archive.org\/details\/TheMiracleAndItsCosts\" target=\"_blank\">The Miracle and Its Costs&#8221;<\/a>\u00a0(review essay),\u00a0Latin American Research Review, Vol. 15, No. 2 (1980), pp. 269-272.<\/p>\n<p>Dean, Warren,\u00a0<a href=\"http:\/\/archive.org\/details\/TheIndustrializationOfSaoPaulo\" target=\"_blank\">The Industrialization of S\u00e3o Paulo,<\/a> The University of the Texas Press, Austin and London, 1969. Desarrollo Econ\u00f3mico 47, 12, Buenos Aires, 644-647.<\/p>\n<p>Di Tella, Torcuato, La Teoria del Primer Impacto del Crecimiento Econ\u00f3mico, Revista Latinoamericana de Sociologia, 21, 6, Buenos Aires.<\/p>\n<p>Dooner, Patricio and Ivan Lavados (editors),\u00a0La Universidad Latinoamericana: Visi\u00f3n de una D\u00e9cada. Santiago, Chile: Corporaci\u00f3n de Promoci\u00f3n Universitaria, 1979. In\u00a0<a href=\"http:\/\/archive.org\/details\/PoliticsAndAcademiaInLatinAmericanUniversities1983\" target=\"_blank\">Politics and Academia in Latin American Universities<\/a>,\u00a0Review Essay, Journal of Interamerican Studies and World Affairs, 25, 3, 1983, pp. 416-421<\/p>\n<p>Desrosi\u00e8res, Alain,<a href=\"http:\/\/archive.org\/details\/LAdministrateurEtLeSavant\" target=\"_blank\">\u00a0<\/a><a href=\"http:\/\/archive.org\/details\/LAdministrateurEtLeSavant\" target=\"_blank\">Comments on Alain Desrosi\u00e8res&#8217; L&#8217;administrateur et le Savant &#8211;<\/a> Les M\u00e9tamorphoses du m\u00e9tier de Statisticien, presented to the Encontro Nacional de Produtores e Usu\u00e1rios de Informa\u00e7\u00f5es Sociais, Econ\u00f4micas e Territoriais, Rio de Janeiro, IBGE, 1996.<\/p>\n<p>Drummond, Roberto &#8211;\u00a0<a href=\"http:\/\/archive.org\/details\/LembranaDeRobertoDrummond\" target=\"_blank\">Lembran\u00e7a de Roberto Drummond<\/a>, 2002.<\/p>\n<p>Easton, David, &#8220;O Sistema Pol\u00edtico Sitiado Pelo Estado&#8221;, em Bolivar Lamounier, editor, A Ci\u00eancia Pol\u00edtica nos Anos 80, Bras\u00edlia, Editora da Universidade de Bras\u00edlia, 1982. (coment\u00e1rio:<a href=\"http:\/\/archive.org\/details\/QuemTemMedoDoEstado\" target=\"_blank\">\u00a0Quem tem medo do Estado?<\/a> pp. 151-155.)<\/p>\n<p>Faoro, Raymundo,\u00a0<a href=\"http:\/\/archive.org\/details\/AtualidadeDeRaymundoFaoro\">Atualidade de Raymundo Faoro<\/a>, Dados &#8211; Revista de Ci\u00eancias Sociais, 46, 2, pp.207-212, 2003.<\/p>\n<p>Fedozzi, Luciano,\u00a0<a href=\" http:\/\/archive.org\/details\/OrcamentoParticipativo\" target=\"_blank\">Or\u00e7amento Participativo<\/a> &#8211; Reflex\u00f5es sobre a experi\u00eancia de Porto Alegre, Porto Alegre, Tomo Editorial e Rio de Janeiro, FASE\/IPPUR, 1997) de Janeiro, Editora Nova Fronteira (introdu\u00e7\u00e3o ao livro).<\/p>\n<p>Fernandes, Florestan, A Ditadura em Quest\u00e3o, T. A. Queiroz Editor, 1982, Jornal do Brasil, 28 de mar\u00e7o, Caderno Especial, p\u00e1gina 5. (<a href=\"http:\/\/archive.org\/details\/OBrasilNumaVisaoClassista\" target=\"_blank\">O Brasil numa vis\u00e3o classista)<\/a><\/p>\n<p>Freitas, Renan Springer,\u00a0<a href=\"http:\/\/archive.org\/details\/AEmergenciaDosFatos\" target=\"_blank\">A Emerg\u00eancia dos Fatos, das Evid\u00eancias e da Lei em Decis\u00f5es Judici\u00e1rias<\/a>, coment\u00e1rio na defesa de tese de doutoramento em sociologia, IUPERJ, 1989.<\/p>\n<p>Furtado, Celso,\u00a0<a href=\"http:\/\/archive.org\/details\/CelsoFurtadoEstagnacao\" target=\"_blank\">Subesenvolvimento e Estagna\u00e7\u00e3o na America Latina<\/a>, Revista Latinoamericana de Sociologia, 2, Buenos Aires, 1967.<\/p>\n<p>Garcia, Luiz Scherz and others,\u00a0La Universidad Latinoamericana en la D\u00e9cada del 80. Proyecciones del desarrollo en Am\u00e9rica Latina y su incidencia en la educaci\u00f3n superior. Santiago, Chile: Corporaci\u00f3n de Promoci\u00f3n Universitaria, 1975.\u00a0\u00a0in:\u00a0<a href=\"http:\/\/archive.org\/details\/PoliticsAndAcademiaInLatinAmericanUniversities1983\" target=\"_blank\">Politics and Academia in Latin American Universities<\/a>,\u00a0Review Essay, Journal of Interamerican Studies and World Affairs, 25, 3, 1983, pp. 416-421.<\/p>\n<p>Gosta Esping-Andersen, \u201cInvesting in children and their life chances\u201d, in Alvaro Espina, coordenador,\u00a0<em>Estado de Bien Estar y Competitividad \u2013 La Experiencia Europea<\/em>, Madrid, Fundaci\u00f3n Carolina y Siglo XXI, 2007, pp. 107-157.<a href=\"http:\/\/archive.org\/details\/CommentsOnGostaEsping-andersen\" target=\"_blank\"> (Comments<\/a> on p. 162-167)<\/p>\n<p>Gurvitch, Georges &#8211;<a href=\"http:\/\/archive.org\/details\/IntroduoAoPensamentoDeGeorgesGurvitch\" target=\"_blank\">\u00a0Introdu\u00e7\u00e3o aos fundamentos de Georges Gurvitch<\/a>, Belo Horizonte, curso de sociologia e pol\u00edtica, Faculdade de Ci\u00eancias Econ\u00f4micas da UFMG, manuscrito, 47 p\u00e1ginas, 1960 (com uma introdu\u00e7\u00e3o de 1964)<\/p>\n<p>Heintz, Peter &#8211;\u00a0<a href=\"http:\/\/archive.org\/details\/PeterHeintz1920-1983\" target=\"_blank\">Peter Heintz (1920-1983)<\/a>, Dados &#8211; Revista de Ci\u00eancias Sociais (Rio de Janeiro), 26, 1, p. 5-7, 1983.<\/p>\n<p>Igl\u00e9sias, Francisco &#8211;\u00a0<a href=\"http:\/\/archive.org\/details\/FranciscoIglesias_88\" target=\"_blank\">Francisco Igl\u00e9sias,<\/a> O Tempo, Belo Horizonte, 1997.<\/p>\n<p>Jaguaribe, H\u00e9lio,\u00a0<a href=\"http:\/\/archive.org\/details\/DoNacionalismoAoDesenvolvimentismo\" target=\"_blank\">Desenvolvimento econ\u00f4mico e desenvolvimento pol\u00edtico,<\/a> Revista Brasileira de Ci\u00eancias Sociais (Belo Horizonte) 3, 1, 271-282, 1963.<\/p>\n<p>Katz, Jorge M. (editor),\u00a0Technology Generation in Latin American Manufacturing Industries, New York, St. Martin&#8217;s Press, 1987. In\u00a0\u00a0<a href=\"http:\/\/archive.org\/details\/ThePowerOfTechnology\" target=\"_blank\">The Power of Technology<\/a>,\u00a0Review essay, Latin American Research Review, 24, 1, 1988.<\/p>\n<p>Katzman, Martin T.\u00a0Cities and Frontiers in Brazil, Regional Dimensions of Economic Development, Harvard University Press 1977.\u00a0In \u00a0&#8220;<a href=\"http:\/\/archive.org\/details\/TheMiracleAndItsCosts\" target=\"_blank\">The Miracle and Its Costs&#8221;<\/a>\u00a0(review essay),\u00a0Latin American Research Review, Vol. 15, No. 2 (1980), pp. 269-272.<\/p>\n<p>Latour, Bruno.\u00a0<a href=\"http:\/\/archive.org\/details\/OsDinossaurosDeRoraima\" target=\"_blank\">Os Dinossauros de Roraima<\/a> (ou a sociologia da ci\u00eancia e da t\u00e9cnica de Bruno Latour), Novos Estudos CEBRAP, 39, Julho, 172-179. Included in\u00a0<a href=\"http:\/\/archive.org\/details\/ARedescobertaDaCultura\" target=\"_blank\">A Redescoberta da Cultura<\/a>, S\u00e3o Paulo, EDUSP, 1997.<\/p>\n<p>Levy, Daniel C.,\u00a0University and Government in M\u00e9xico &#8211; Autonomy in an Authoritarian System. New York: Praeger Publishers, 1980.\u00a0\u00a0in:\u00a0<a href=\"http:\/\/archive.org\/details\/PoliticsAndAcademiaInLatinAmericanUniversities1983\" target=\"_blank\">Politics and Academia in Latin American Universities<\/a>,\u00a0Review Essay, Journal of Interamerican Studies and World Affairs, 25, 3, 1983, pp. 416-421<\/p>\n<p>Levy, Daniel C.,\u00a0<a href=\"http:\/\/archive.org\/details\/HigherEducationAndTheStateInLatinAmerica\" target=\"_blank\">Higher Education and the State in Latin America <\/a>&#8211; Private Challenges to Public Dominance. Chicago and London: The University of Chicago Press, 1986. Published in Journal of Higher Education, July-August, 1988, v59, n4, p.475 (3).<\/p>\n<p>Landes, David S, Prometeu Desacorrentado. Nova Fronteira, 1994. (Publicado como<a href=\"http:\/\/archive.org\/details\/TecnologiaDesacorrentada\" target=\"_blank\">\u00a0A Tecnologia Desacorrentada<\/a> Folha de S\u00e3o Paulo, 18 de setembro, 1994.<\/p>\n<p>Latour, Bruno,\u00a0La Clef de Berlin et autres le\u00e7ons d&#8217;un amateur de sciences. Paris, La D\u00e9couverte, 1993. Resenha publicada inicialmente \u00a0como <a href=\"http:\/\/archive.org\/details\/OsDinossaurosDeRoraima\" target=\"_blank\">Os Dinossauros de Roraima,<\/a> em Novos Estudos &#8211; CEBRAP, 39, Julho de 1994, 172-179. Inclu\u00eddo em A Redescoberta da Cultura, S\u00e3o Paulo, EDUSP, 1997.<\/p>\n<p>Mallaby, Sebastian &#8211; \u00a0The World&#8217;s Banker &#8211; A Story of Failed States, Financial Crisis, and the Wealth and Poverty of Nations. Publicado como &#8220;<a href=\"http:\/\/archive.org\/details\/OBanqueiroDoMundo\" target=\"_blank\">O Banqueiro do Mundo&#8221;\u00a0<\/a>em\u00a0Simon&#8217;s Site, 30 de maio de 2005.<\/p>\n<p>Marx, Karl &#8211;\u00a0<a href=\"http:\/\/archive.org\/details\/Marx-AReducaoDaPolitica\" target=\"_blank\">Marx: a Redu\u00e7\u00e3o da Pol\u00edtica<\/a>, 1968<\/p>\n<p>Matos, Pedro Lincoln Carneiro, As Universidades e o Governo Federal: a pol\u00edtica do governo em rela\u00e7\u00e3o \u00e0s universidades federais, autarquias e suas conseq\u00fc\u00eancias sobre as estruturas administrativas destas institui\u00e7\u00f5es, Recife, Universidade Federal de Pernambuco, 1983. (<a href=\"http:\/\/archive.org\/details\/AsUniversidadesEOGovernoFedera\" target=\"_blank\">Apresenta\u00e7\u00e3o<\/a>)<\/p>\n<p>Medeiros, Carlos Aguiar e And\u00e9 Urani,\u00a0<a href=\"http:\/\/archive.org\/details\/PobrezaEDesigualdadeReformasEstruturaisOuPolticaDeRenda\" target=\"_blank\">Pobreza e Desigualdade: Reformas estruturais ou pol\u00edtica de renda?<\/a> Coment\u00e1rio preparado para o painel 5, \u00a0&#8220;Distribui\u00e7\u00e3o de Renda e Pol\u00edticas de Renda&#8221; \u00a0do Semin\u00e1rio &#8220;Desenvolvimento em Debate&#8221;, 2\u00ba Ciclo, Pain\u00e9is sobre Desenvolvimento Brasileiro. BNDES, 20 de setembro de 2002.<\/p>\n<p>Mello, Guiomar Namo de, Cidadania e Competitividade, Desafios Educacionais do Terceiro Mil\u00eanio, S\u00e3o Paulo, Ed. Cortez., 1994 (<a href=\"http:\/\/archive.org\/details\/CidadaniaECompetitividade\" target=\"_blank\">Pref\u00e1cio)<\/a><\/p>\n<p>Melo, Manuel Pal\u00e1cios da Cunha, 1997,\u00a0<a href=\"http:\/\/archive.org\/details\/AsCinciasSociaisNoBrasilContemporneo\" target=\"_blank\">As ci\u00eancias sociais no Brasil contempor\u00e2neo<\/a>, Coment\u00e1rio na defesa de tese de doutoramento deIuperj, outubro de 1997.<\/p>\n<p>Miceli, S\u00e9rgio (editor) Hist\u00f3ria das Ci\u00eancias Sociais no Brasil. S\u00e3o Paulo, V\u00e9rtice, Editora Revista dos Tribunais, IDESP, 1989. Folha de S\u00e3o Paulo, 23 de dezembro p. 6. (<a href=\"http:\/\/archive.org\/details\/HistoriaDasCienciasSociaisNoBrasil\" target=\"_blank\">As Ci\u00eancias Sociais sofrem pelas diferen\u00e7as entre ensino e pr\u00e1tica<\/a>).<\/p>\n<p>Morse, Richard M.,\u00a0O Espelho de Pr\u00f3spero. Publicado em<em> Novos Estudos CEBRAP,<\/em> 22, outubro de 1988, pp 185-192, como<a href=\"http:\/\/archive.org\/details\/OEspelhoDeMorse\" target=\"_blank\"> &#8220;O Espelho de Morse&#8221;, e<em> Novos Estudos CEBRAP<\/em> vol 25, outubro de 1989 pp. 191-203.<\/a> Inclu\u00eddo em\u00a0<a href=\"http:\/\/archive.org\/details\/ARedescobertaDaCultura\" target=\"_blank\">A Redescoberta da Cultura,<\/a> S\u00e3o Paulo. EDUSP, 1997.<\/p>\n<p>Motoyama, Shozo,\u00a0<a href=\"http:\/\/archive.org\/details\/ModelosDeDesenvolvimentoCientifico\" target=\"_blank\">Modelos de Desenvolvimento Cientifico,<\/a> Simp\u00f3sio de Pol\u00edtica Cient\u00edfica e Tecnol\u00f3gica, organizado pelo Conselho Nacional de Desenvolvimento Cient\u00edfico e Tecnol\u00f3gico, Bras\u00edlia, novembro, 1981.<\/p>\n<p>Moyal, Ann Mozley,\u00a0<a href=\"http:\/\/archive.org\/details\/ScientistsInNineteenthCenturyAustralia\" target=\"_blank\">Scientists in Nineteenth Century Australia,<\/a> Melbourne: Cassel Australia, 1976. Revista de Hist\u00f3ria 54, 108, S\u00e3o Paulo, 1976.<\/p>\n<p>Polanyi, Karl,\u00a0<a href=\"http:\/\/archive.org\/details\/AGrandeTransformacao\" target=\"_blank\">A Grande Transforma\u00e7\u00e3o &#8211; as origens de nossa \u00e9poca.<\/a> Rio de Janeiro, Editora Campus Ltda, 1980. Tradu\u00e7\u00e3o de Fanny Wrobel.<\/p>\n<p>Ramos, Alberto Guerreiro\u00a0<a href=\"http:\/\/archive.org\/details\/GuerreiroRamos\" target=\"_blank\">A Sociologia de Guerreiro Ramos<\/a>, Painel sobre a Contribui\u00e7\u00e3o de Guerreiro Ramos para a Sociologia Brasileira, in Revista de Administra\u00e7\u00e3o P\u00fablica (Rio de Janeiro) 17, 2, abril-junho, 30-34, 1983<\/p>\n<p>Rushing, Francis W. and Carole Ganz Brown,\u00a0National policies for developing high technology industries &#8211; international comparisons, Boulder and London: Westview Special Studies in Science, Technology and Public Policy, 1986. In\u00a0<a href=\"http:\/\/archive.org\/details\/ThePowerOfTechnology\" target=\"_blank\">The Power of Technology<\/a>,\u00a0Review essay, Latin American Research Review, 24, 1, 1988.<\/p>\n<p>Santos Jr., Theot\u00f4nio,\u00a0El nuevo car\u00e1cter de la dependencia. Santiago, Centro de Estudios Socio-Econ\u00f3micos, 1965 (?).<\/p>\n<p>Selcher, Wayne A.\u00a0Brazil&#8217;s Multilateral Relations: Between First and Third Worlds. Boulder, Colorado: Westview Press, 1978.\u00a0In \u00a0&#8220;<a href=\"http:\/\/archive.org\/details\/TheMiracleAndItsCosts\" target=\"_blank\">The Miracle and Its Costs&#8221;<\/a>\u00a0(review essay),\u00a0Latin American Research Review, Vol. 15, No. 2 (1980), pp. 269-272.<\/p>\n<p>Singer, Andr\u00e9,\u00a0<a href=\"http:\/\/archive.org\/details\/VotoNoBrasil\" target=\"_blank\">Identifica\u00e7\u00e3o Ideol\u00f3gica e voto no Brasil<\/a>, coment\u00e1rio na defesa de tese de doutoramento, USP, maio de 1998.<\/p>\n<p>Soares, Sergei, e Kaiz\u00f4 Beltr\u00e3o, M. L\u00edgia Barbosa e M. E Ferr\u00e3o (orgs.),\u00a0<a href=\"http:\/\/archive.org\/details\/DesigualdadeDeGeneroECor\" target=\"_blank\">Os mecanismos de discrimina\u00e7\u00e3o racial nas escolas brasileiras,<\/a> Ipea\/ Ford Foundation, 2006<\/p>\n<p>Souza, Maria do Carmo Campello,\u00a0<a href=\"http:\/\/archive.org\/details\/EstadoEPartidosPolticosNoBrasil \" target=\"_blank\">Estado e Partidos Politicos no Brasil, 1930-1964<\/a>, S\u00e3o Paulo, Alfa-\u00d4mega, 1976. Revista Brasileira de Estudos Politicos no. 45, Julho, 1977.<\/p>\n<p>Urani, Andr\u00e9 e Carlos Aguiar Medeiros,<a href=\"http:\/\/archive.org\/details\/PobrezaEDesigualdadeReformasEstruturaisOuPolticaDeRenda\" target=\"_blank\"> Pobreza e Desigualdade: Reformas estruturais ou pol\u00edtica de renda?<\/a> Coment\u00e1rio preparado para o painel 5, \u00a0&#8220;Distribui\u00e7\u00e3o de Renda e Pol\u00edticas de Renda&#8221; \u00a0do Semin\u00e1rio &#8220;Desenvolvimento em Debate&#8221;, 2\u00ba Ciclo, Pain\u00e9is sobre Desenvolvimento Brasileiro. BNDES, 20 de setembro de 2002.<\/p>\n<p>Uricoechea, Fernando,\u00a0<a title=\"O Minotauro Imperial\" href=\"http:\/\/archive.org\/details\/BookReviewOMinotauroImperialFernandoUricoechea1978\" target=\"_blank\">O Minotauro Imperial,<\/a> S\u00e3o Paulo, DIFEL, 1978. Dados &#8211; Revista de Ci\u00eancias Sociais (Rio de Janeiro), vol. 23, 2, 259-263. 1978.<\/p>\n<p>Valladares, Benedicto,<a href=\"http:\/\/archive.org\/details\/ReviewOfBeneditoValadaresTemposIdosEVividos1969\">\u00a0Tempos Idos e Vividos (book review)<\/a>, Dados &#8211; Revista de Ci\u00eancias Sociais, vol. 6, 151-153, 1969.<\/p>\n<p>Vasconcelos, Eduardo Alc\u00e2ntara,\u00a0<a href=\"http:\/\/archive.org\/details\/EducacaoRuralEmSaoPaulo\" target=\"_blank\">Popula\u00e7\u00e3o rural e acesso \u00e0 educa\u00e7\u00e3o no Estado de Sao Paulo: an\u00e1lise da politica publica<\/a>, coment\u00e1rio \u00e0 tese de doutoramento. USP, Departamento de Ci\u00eancia Pol\u00edtica, 1993.<\/p>\n<p>Versiani, Fl\u00e1vio Rabelo and Jos\u00e9 Roberto Mendon\u00e7a de Barros, eds.,\u00a0Forma\u00e7\u00e3o Econ\u00f4mica do Brasil: A Experi\u00eancia da Industrializa\u00e7\u00e3o. S\u00e3o Paulo Editora Saraiva (serie ANPEC de leituras de Economia), 1977.\u00a0In \u00a0&#8220;<a href=\"http:\/\/archive.org\/details\/TheMiracleAndItsCosts\" target=\"_blank\">The Miracle and Its Costs&#8221;<\/a>\u00a0(review essay),\u00a0Latin American Research Review, Vol. 15, No. 2 (1980), pp. 269-272.<\/p>\n<p>Vessuri, Hebe, Elena Diaz y Yolanda Texera &#8211;<a href=\"http:\/\/archive.org\/details\/PeripheralScience\" target=\"_blank\">\u00a0Peripheral Science,<\/a> book review of La ci\u00e9ncia perif\u00e9rica: ci\u00e9ncia y sociedad en Venezuela, 1983. Social Studies of Science 1987, 17, 3, Aug, 569-573<\/p>\n<p>Vieira Pinto, \u00c1lvaro,\u00a0<a href=\"http:\/\/archive.org\/details\/FilosofiaDoSubdesenvolvimento\" target=\"_blank\">A Filosofia do Sub-Desenvolvimento de \u00c1lvaro Vieira Pinto,<\/a> 1959, n\u00e3o publicado.<\/p>\n<p>Wiarda, Howard J. Por uma teoria n\u00e3o etnoc\u00eantrica do desenvolvimento: as concep\u00e7\u00f5es alternativas do Terceiro Mundo, Dados, vol. 25, 2, 229-252, 1982. Coment\u00e1rio:\u00a0<a href=\"http:\/\/archive.org\/details\/AsDificuldadesDoAnti-etnocentrismo\" target=\"_blank\">As Dificuldades do Antietnocentrismo,<\/a> pp. 253-254.<\/p>\n<p>Wildawsky, Aaron e Naomi Caiden, New York:<a href=\"http:\/\/archive.org\/details\/PlanningAndBudgetingInPoorCountries\" target=\"_blank\">\u00a0<\/a><a href=\"http:\/\/archive.org\/details\/PlanningAndBudgetingInPoorCountries\" target=\"_blank\">Planning and Budgeting in Poor Countries,<\/a> John Wiley &amp; Sons, 1974. Em Pesquisa e Planejamento Econ\u00f4mico 6, 1, Rio de Janeiro, 1976, pp. 279-286.<\/p>\n<p>Wirth, John D.,\u00a0<a href=\"http:\/\/archive.org\/details\/MinasGeraisAndTheBrazilianFederation\" target=\"_blank\">Minas Gerais and the Brazilian Federation, 1889-1937<\/a>, Stanford University Press, 1977, em Hispanic American Historical Review, 58, 4, 730-731, 1979; Isto \u00e9, 21 de junho, 1978 <a href=\"http:\/\/archive.org\/details\/MinasGeraisESuanicaOpoPossvel\" target=\"_blank\">(Minas Gerais e sua \u00fanica op\u00e7\u00e3o poss\u00edve<\/a><a href=\"http:\/\/www.schwartzman.org.br\/simon\/wirth2.htm\" target=\"main\">l<\/a>).<\/p>\n<p>Wright, E. Olin &#8211; <a href=\"http:\/\/archive.org\/details\/WhatRemainsOfMarxismInNeomarxism\" target=\"_blank\">What is Marxist in Neo-Marxism?<\/a> prepared for the IV Congresso Nacional de Sociologia, Rio de Janeiro, June.<br \/>\n(Vers\u00e3o em portugu\u00eas:\u00a0<a href=\"http:\/\/archive.org\/details\/OQueRestaDoMarxismoNoNeo-marxismo\" target=\"_blank\">O que resta de Marxismo no Neo-Marxismo?<\/a>), 1989.<\/p>\n<!-- AddThis Advanced Settings generic via filter on the_content --><!-- AddThis Share Buttons generic via filter on the_content -->","protected":false},"excerpt":{"rendered":"<p>COMENT\u00c1RIOS DE LIVROS E AUTORES (Book reviews and comments) Adler, Emanuel,\u00a0The power of ideology &#8211; the quest for technological autonomy in Argentina and Brazil, 1986. In The Power of Technology,\u00a0Review essay, Latin American Research Review, 24, 1, 1988. Albornoz, Orlando\u00a0Ideolog\u00eda y Pol\u00edtica en la Universidad Latinoamericana. Caracas, Venezuela: Instituto Societas, 1972. in:\u00a0Politics and Academia in &hellip; <a href=\"https:\/\/www.schwartzman.org.br\/sitesimon\/resenhas\/\" class=\"more-link\">Continue reading<span class=\"screen-reader-text\"> &#8220;Resenhas|Reviews&#8221;<\/span><\/a><!-- AddThis Advanced Settings generic via filter on get_the_excerpt --><!-- AddThis Share Buttons generic via filter on get_the_excerpt --><\/p>\n","protected":false},"author":1,"featured_media":0,"parent":0,"menu_order":2,"comment_status":"closed","ping_status":"open","template":"page-template.php","meta":{"_crdt_document":"","footnotes":""},"class_list":["post-584","page","type-page","status-publish","hentry"],"_links":{"self":[{"href":"https:\/\/www.schwartzman.org.br\/sitesimon\/wp-json\/wp\/v2\/pages\/584","targetHints":{"allow":["GET"]}}],"collection":[{"href":"https:\/\/www.schwartzman.org.br\/sitesimon\/wp-json\/wp\/v2\/pages"}],"about":[{"href":"https:\/\/www.schwartzman.org.br\/sitesimon\/wp-json\/wp\/v2\/types\/page"}],"author":[{"embeddable":true,"href":"https:\/\/www.schwartzman.org.br\/sitesimon\/wp-json\/wp\/v2\/users\/1"}],"replies":[{"embeddable":true,"href":"https:\/\/www.schwartzman.org.br\/sitesimon\/wp-json\/wp\/v2\/comments?post=584"}],"version-history":[{"count":4,"href":"https:\/\/www.schwartzman.org.br\/sitesimon\/wp-json\/wp\/v2\/pages\/584\/revisions"}],"predecessor-version":[{"id":4845,"href":"https:\/\/www.schwartzman.org.br\/sitesimon\/wp-json\/wp\/v2\/pages\/584\/revisions\/4845"}],"wp:attachment":[{"href":"https:\/\/www.schwartzman.org.br\/sitesimon\/wp-json\/wp\/v2\/media?parent=584"}],"curies":[{"name":"wp","href":"https:\/\/api.w.org\/{rel}","templated":true}]}}